{"id":8671,"date":"2022-07-15T10:07:26","date_gmt":"2022-07-15T10:07:26","guid":{"rendered":"https:\/\/magniberia.pt\/catalogos\/"},"modified":"2022-07-15T10:07:27","modified_gmt":"2022-07-15T10:07:27","slug":"catalogos","status":"publish","type":"page","link":"https:\/\/magniberia.pt\/es\/catalogos\/","title":{"rendered":"Cat\u00e1logos"},"content":{"rendered":"\n<div class=\"slider-wrapper relative\" id=\"slider-287011936\" >\n    <div class=\"slider slider-nav-circle slider-nav-large slider-nav-light slider-style-normal\"\n        data-flickity-options='{\n            \"cellAlign\": \"center\",\n            \"imagesLoaded\": true,\n            \"lazyLoad\": 1,\n            \"freeScroll\": false,\n            \"wrapAround\": true,\n            \"autoPlay\": 6000,\n            \"pauseAutoPlayOnHover\" : true,\n            \"prevNextButtons\": false,\n            \"contain\" : true,\n            \"adaptiveHeight\" : true,\n            \"dragThreshold\" : 10,\n            \"percentPosition\": true,\n            \"pageDots\": false,\n            \"rightToLeft\": false,\n            \"draggable\": true,\n            \"selectedAttraction\": 0.1,\n            \"parallax\" : 0,\n            \"friction\": 0.6        }'\n        >\n        \n\n\n  <div class=\"banner has-hover has-parallax\" id=\"banner-83346588\">\n          <div class=\"banner-inner fill\">\n        <div class=\"banner-bg fill\" data-parallax=\"-6\" data-parallax-container=\".banner\" data-parallax-background>\n            <div class=\"bg fill bg-fill \"><\/div>\n                        <div class=\"overlay\"><\/div>            \n                    <\/div>\n        <div class=\"banner-layers container\">\n            <div class=\"fill banner-link\"><\/div>            \n\n   <div id=\"text-box-2091164594\" class=\"text-box banner-layer x50 md-x50 lg-x50 y50 md-y50 lg-y50 res-text\">\n                                <div class=\"text dark\">\n              \n              <div class=\"text-inner text-center\">\n                  \n\n\n              <\/div>\n           <\/div>\n                            \n<style>\n#text-box-2091164594 {\n  width: 60%;\n}\n#text-box-2091164594 .text {\n  font-size: 100%;\n}\n@media (min-width:550px) {\n  #text-box-2091164594 {\n    width: 60%;\n  }\n}\n<\/style>\n    <\/div>\n \n\n        <\/div>\n      <\/div>\n\n            \n<style>\n#banner-83346588 {\n  padding-top: 400px;\n}\n#banner-83346588 .bg.bg-loaded {\n  background-image: url(https:\/\/magniberia.pt\/wp-content\/uploads\/2020\/09\/2.jpg);\n}\n#banner-83346588 .overlay {\n  background-color: rgba(0, 0, 0, 0.4);\n}\n#banner-83346588 .bg {\n  background-position: 0% 82%;\n}\n<\/style>\n  <\/div>\n\n\n\n     <\/div>\n\n     <div class=\"loading-spin dark large centered\"><\/div>\n\n     <\/div>\n\n\n\t<section class=\"section dark\" id=\"section_1911567977\">\n\t\t<div class=\"bg section-bg fill bg-fill  bg-loaded\" >\n\n\t\t\t\n\t\t\t\n\t\t\t\n\n\t\t<\/div>\n\n\t\t<div class=\"section-content relative\">\n\t\t\t\n\n<div class=\"row row-collapse align-middle\"  id=\"row-2103875642\">\n\n\n\t<div id=\"col-61666701\" class=\"col medium-4 small-12 large-4\"  >\n\t\t<div class=\"col-inner\"  >\n\t\t\t\n\t\t\t\n\n<div class=\"container section-title-container\" style=\"margin-top:10px;margin-bottom:10px;\"><h3 class=\"section-title section-title-normal\"><b><\/b><span class=\"section-title-main\" >CAT\u00c1LOGOS<\/span><b><\/b><\/h3><\/div>\n\n\n\t\t<\/div>\n\t\t\n<style>\n#col-61666701 > .col-inner {\n  padding: 0px 0px 0px 15px;\n}\n@media (min-width:550px) {\n  #col-61666701 > .col-inner {\n    padding: 0px 0px 0px 15px;\n  }\n}\n@media (min-width:850px) {\n  #col-61666701 > .col-inner {\n    padding: 0px 0px 0px 0;\n  }\n}\n<\/style>\n\t<\/div>\n\n\t\n\n<\/div>\n\n\t\t<\/div>\n\n\t\t\n<style>\n#section_1911567977 {\n  padding-top: 0px;\n  padding-bottom: 0px;\n  background-color: rgb(0, 0, 0);\n}\n<\/style>\n\t<\/section>\n\t\n<div class=\"row\"  id=\"row-1348986436\">\n\n\n\t<div id=\"col-493010247\" class=\"col small-12 large-12\"  >\n\t\t<div class=\"col-inner\"  >\n\t\t\t\n\t\t\t\n\n<h3>EQUIPAMENTO INDUSTRIAL PARA HOTELARIA E RESTAURA\u00c7\u00c3O<\/h3>\r\n<p>Produtos de gama profissional para todas as \u00e1reas da hotelaria, restaura\u00e7\u00e3o e catering. Frio comercial e industrial.\u00a0<br\/>A confian\u00e7a que s\u00f3 as melhores marcas no mercado podem oferecer.<\/p>\n\n\t\t<\/div>\n\t\t\t<\/div>\n\n\t\n\n<\/div>\n<div class=\"row\"  id=\"row-459172792\">\n\n\n\t<div id=\"col-1010670118\" class=\"col medium-3 small-12 large-3\"  >\n\t\t<div class=\"col-inner\"  >\n\t\t\t\n\t\t\t\n\n\t<div class=\"box has-hover   has-hover box-text-bottom\" >\n\n\t\t<div class=\"box-image\" style=\"width:30%;\">\n\t\t\t\t\t\t<div class=\"\" >\n\t\t\t\t<img width=\"512\" height=\"512\" src=\"https:\/\/magniberia.pt\/wp-content\/uploads\/2020\/09\/fast-food.png\" class=\"attachment- size-\" alt=\"\" srcset=\"https:\/\/magniberia.pt\/wp-content\/uploads\/2020\/09\/fast-food.png 512w, https:\/\/magniberia.pt\/wp-content\/uploads\/2020\/09\/fast-food-100x100.png 100w, https:\/\/magniberia.pt\/wp-content\/uploads\/2020\/09\/fast-food-300x300.png 300w, https:\/\/magniberia.pt\/wp-content\/uploads\/2020\/09\/fast-food-150x150.png 150w\" sizes=\"(max-width: 512px) 100vw, 512px\" \/>\t\t\t\t\t\t\t\t\t\t\t<\/div>\n\t\t\t\t\t<\/div>\n\n\t\t<div class=\"box-text text-center\" >\n\t\t\t<div class=\"box-text-inner\">\n\t\t\t\t\n\n<h4>PIZZARIA &#038; PADARIA<\/h4>\n\n\t\t\t<\/div>\n\t\t<\/div>\n\t<\/div>\n\t\n\n\t\t<\/div>\n\t\t\t<\/div>\n\n\t\n\n\t<div id=\"col-99527027\" class=\"col medium-3 small-12 large-3\"  >\n\t\t<div class=\"col-inner\"  >\n\t\t\t\n\t\t\t\n\n\t<div class=\"box has-hover   has-hover box-text-bottom\" >\n\n\t\t<div class=\"box-image\" style=\"width:30%;\">\n\t\t\t\t\t\t<div class=\"\" >\n\t\t\t\t<img width=\"512\" height=\"512\" src=\"https:\/\/magniberia.pt\/wp-content\/uploads\/2020\/10\/coffee.png\" class=\"attachment- size-\" alt=\"\" srcset=\"https:\/\/magniberia.pt\/wp-content\/uploads\/2020\/10\/coffee.png 512w, https:\/\/magniberia.pt\/wp-content\/uploads\/2020\/10\/coffee-100x100.png 100w, https:\/\/magniberia.pt\/wp-content\/uploads\/2020\/10\/coffee-300x300.png 300w, https:\/\/magniberia.pt\/wp-content\/uploads\/2020\/10\/coffee-150x150.png 150w\" sizes=\"(max-width: 512px) 100vw, 512px\" \/>\t\t\t\t\t\t\t\t\t\t\t<\/div>\n\t\t\t\t\t<\/div>\n\n\t\t<div class=\"box-text text-center\" >\n\t\t\t<div class=\"box-text-inner\">\n\t\t\t\t\n\n<h4>PASTELARIA &#038; CAFETARIA<\/h4>\n\n\t\t\t<\/div>\n\t\t<\/div>\n\t<\/div>\n\t\n\n\t\t<\/div>\n\t\t\t<\/div>\n\n\t\n\n\t<div id=\"col-1372505999\" class=\"col medium-3 small-12 large-3\"  >\n\t\t<div class=\"col-inner\"  >\n\t\t\t\n\t\t\t\n\n\t<div class=\"box has-hover   has-hover box-text-bottom\" >\n\n\t\t<div class=\"box-image\" style=\"width:30%;\">\n\t\t\t\t\t\t<div class=\"\" >\n\t\t\t\t<img width=\"512\" height=\"512\" src=\"https:\/\/magniberia.pt\/wp-content\/uploads\/2020\/09\/ice-cream.png\" class=\"attachment- size-\" alt=\"\" srcset=\"https:\/\/magniberia.pt\/wp-content\/uploads\/2020\/09\/ice-cream.png 512w, https:\/\/magniberia.pt\/wp-content\/uploads\/2020\/09\/ice-cream-100x100.png 100w, https:\/\/magniberia.pt\/wp-content\/uploads\/2020\/09\/ice-cream-300x300.png 300w, https:\/\/magniberia.pt\/wp-content\/uploads\/2020\/09\/ice-cream-150x150.png 150w\" sizes=\"(max-width: 512px) 100vw, 512px\" \/>\t\t\t\t\t\t\t\t\t\t\t<\/div>\n\t\t\t\t\t<\/div>\n\n\t\t<div class=\"box-text text-center\" >\n\t\t\t<div class=\"box-text-inner\">\n\t\t\t\t\n\n<h4>GELATARIA<\/h4>\n\n\t\t\t<\/div>\n\t\t<\/div>\n\t<\/div>\n\t\n\n\t\t<\/div>\n\t\t\t<\/div>\n\n\t\n\n\t<div id=\"col-946656142\" class=\"col medium-3 small-12 large-3\"  >\n\t\t<div class=\"col-inner\"  >\n\t\t\t\n\t\t\t\n\n\t<div class=\"box has-hover   has-hover box-text-bottom\" >\n\n\t\t<div class=\"box-image\" style=\"width:30%;\">\n\t\t\t\t\t\t<div class=\"\" >\n\t\t\t\t<img width=\"512\" height=\"512\" src=\"https:\/\/magniberia.pt\/wp-content\/uploads\/2020\/10\/cocktails.png\" class=\"attachment- size-\" alt=\"\" srcset=\"https:\/\/magniberia.pt\/wp-content\/uploads\/2020\/10\/cocktails.png 512w, https:\/\/magniberia.pt\/wp-content\/uploads\/2020\/10\/cocktails-100x100.png 100w, https:\/\/magniberia.pt\/wp-content\/uploads\/2020\/10\/cocktails-300x300.png 300w, https:\/\/magniberia.pt\/wp-content\/uploads\/2020\/10\/cocktails-150x150.png 150w\" sizes=\"(max-width: 512px) 100vw, 512px\" \/>\t\t\t\t\t\t\t\t\t\t\t<\/div>\n\t\t\t\t\t<\/div>\n\n\t\t<div class=\"box-text text-center\" >\n\t\t\t<div class=\"box-text-inner\">\n\t\t\t\t\n\n<h4>BAR &#038; BEBIDAS<\/h4>\n\n\t\t\t<\/div>\n\t\t<\/div>\n\t<\/div>\n\t\n\n\t\t<\/div>\n\t\t\t<\/div>\n\n\t\n\n<\/div>\n<div class=\"row\"  id=\"row-542809462\">\n\n\n\t<div id=\"col-518030083\" class=\"col medium-3 small-6 large-3\"  >\n\t\t<div class=\"col-inner\"  >\n\t\t\t\n\t\t\t\n\n\t<div class=\"box has-hover   has-hover box-text-bottom\" >\n\n\t\t<div class=\"box-image\" style=\"width:30%;\">\n\t\t\t\t\t\t<div class=\"\" >\n\t\t\t\t<img width=\"512\" height=\"512\" src=\"https:\/\/magniberia.pt\/wp-content\/uploads\/2020\/09\/household.png\" class=\"attachment- size-\" alt=\"\" srcset=\"https:\/\/magniberia.pt\/wp-content\/uploads\/2020\/09\/household.png 512w, https:\/\/magniberia.pt\/wp-content\/uploads\/2020\/09\/household-100x100.png 100w, https:\/\/magniberia.pt\/wp-content\/uploads\/2020\/09\/household-300x300.png 300w, https:\/\/magniberia.pt\/wp-content\/uploads\/2020\/09\/household-150x150.png 150w\" sizes=\"(max-width: 512px) 100vw, 512px\" \/>\t\t\t\t\t\t\t\t\t\t\t<\/div>\n\t\t\t\t\t<\/div>\n\n\t\t<div class=\"box-text text-center\" >\n\t\t\t<div class=\"box-text-inner\">\n\t\t\t\t\n\n<h4>LAVANDARIA PROFISSIONAL<\/h4>\n\n\t\t\t<\/div>\n\t\t<\/div>\n\t<\/div>\n\t\n\n\t\t<\/div>\n\t\t\t<\/div>\n\n\t\n\n\t<div id=\"col-696179293\" class=\"col medium-3 small-6 large-3\"  >\n\t\t<div class=\"col-inner\"  >\n\t\t\t\n\t\t\t\n\n\t<div class=\"box has-hover   has-hover box-text-bottom\" >\n\n\t\t<div class=\"box-image\" style=\"width:30%;\">\n\t\t\t\t\t\t<div class=\"\" >\n\t\t\t\t<img width=\"512\" height=\"512\" src=\"https:\/\/magniberia.pt\/wp-content\/uploads\/2020\/10\/hotel.png\" class=\"attachment- size-\" alt=\"\" srcset=\"https:\/\/magniberia.pt\/wp-content\/uploads\/2020\/10\/hotel.png 512w, https:\/\/magniberia.pt\/wp-content\/uploads\/2020\/10\/hotel-100x100.png 100w, https:\/\/magniberia.pt\/wp-content\/uploads\/2020\/10\/hotel-300x300.png 300w, https:\/\/magniberia.pt\/wp-content\/uploads\/2020\/10\/hotel-150x150.png 150w\" sizes=\"(max-width: 512px) 100vw, 512px\" \/>\t\t\t\t\t\t\t\t\t\t\t<\/div>\n\t\t\t\t\t<\/div>\n\n\t\t<div class=\"box-text text-center\" >\n\t\t\t<div class=\"box-text-inner\">\n\t\t\t\t\n\n<h4>HOTELARIA<\/h4>\n\n\t\t\t<\/div>\n\t\t<\/div>\n\t<\/div>\n\t\n\n\t\t<\/div>\n\t\t\t<\/div>\n\n\t\n\n\t<div id=\"col-445010428\" class=\"col medium-3 small-6 large-3\"  >\n\t\t<div class=\"col-inner\"  >\n\t\t\t\n\t\t\t\n\n\t<div class=\"box has-hover   has-hover box-text-bottom\" >\n\n\t\t<div class=\"box-image\" style=\"width:30%;\">\n\t\t\t\t\t\t<div class=\"\" >\n\t\t\t\t<img width=\"512\" height=\"512\" src=\"https:\/\/magniberia.pt\/wp-content\/uploads\/2020\/10\/cooking.png\" class=\"attachment- size-\" alt=\"\" srcset=\"https:\/\/magniberia.pt\/wp-content\/uploads\/2020\/10\/cooking.png 512w, https:\/\/magniberia.pt\/wp-content\/uploads\/2020\/10\/cooking-100x100.png 100w, https:\/\/magniberia.pt\/wp-content\/uploads\/2020\/10\/cooking-300x300.png 300w, https:\/\/magniberia.pt\/wp-content\/uploads\/2020\/10\/cooking-150x150.png 150w\" sizes=\"(max-width: 512px) 100vw, 512px\" \/>\t\t\t\t\t\t\t\t\t\t\t<\/div>\n\t\t\t\t\t<\/div>\n\n\t\t<div class=\"box-text text-center\" >\n\t\t\t<div class=\"box-text-inner\">\n\t\t\t\t\n\n<h4>LINHA PROFISSIONAL CHEFES<\/h4>\n\n\t\t\t<\/div>\n\t\t<\/div>\n\t<\/div>\n\t\n\n\t\t<\/div>\n\t\t\t<\/div>\n\n\t\n\n\t<div id=\"col-1618480181\" class=\"col medium-3 small-6 large-3\"  >\n\t\t<div class=\"col-inner\"  >\n\t\t\t\n\t\t\t\n\n\t<div class=\"box has-hover   has-hover box-text-bottom\" >\n\n\t\t<div class=\"box-image\" style=\"width:30%;\">\n\t\t\t\t\t\t<div class=\"\" >\n\t\t\t\t<img width=\"512\" height=\"512\" src=\"https:\/\/magniberia.pt\/wp-content\/uploads\/2020\/10\/chefs-hat.png\" class=\"attachment- size-\" alt=\"\" srcset=\"https:\/\/magniberia.pt\/wp-content\/uploads\/2020\/10\/chefs-hat.png 512w, https:\/\/magniberia.pt\/wp-content\/uploads\/2020\/10\/chefs-hat-100x100.png 100w, https:\/\/magniberia.pt\/wp-content\/uploads\/2020\/10\/chefs-hat-300x300.png 300w, https:\/\/magniberia.pt\/wp-content\/uploads\/2020\/10\/chefs-hat-150x150.png 150w\" sizes=\"(max-width: 512px) 100vw, 512px\" \/>\t\t\t\t\t\t\t\t\t\t\t<\/div>\n\t\t\t\t\t<\/div>\n\n\t\t<div class=\"box-text text-center\" >\n\t\t\t<div class=\"box-text-inner\">\n\t\t\t\t\n\n<h4>RESTAURA\u00c7\u00c3O &#038; CATERING<\/h4>\n\n\t\t\t<\/div>\n\t\t<\/div>\n\t<\/div>\n\t\n\n\t\t<\/div>\n\t\t\t<\/div>\n\n\t\n\n<\/div>\n<div class=\"row\"  id=\"row-1707858564\">\n\n\n\t<div id=\"col-2119571078\" class=\"col medium-3 small-12 large-3\"  >\n\t\t<div class=\"col-inner\"  >\n\t\t\t\n\t\t\t\n\n\n\t\t<\/div>\n\t\t\t<\/div>\n\n\t\n\n\t<div id=\"col-48274594\" class=\"col medium-3 small-12 large-3\"  >\n\t\t<div class=\"col-inner\"  >\n\t\t\t\n\t\t\t\n\n\t<div class=\"box has-hover   has-hover box-text-bottom\" >\n\n\t\t<div class=\"box-image\" style=\"width:30%;\">\n\t\t\t\t\t\t<div class=\"\" >\n\t\t\t\t<img width=\"512\" height=\"512\" src=\"https:\/\/magniberia.pt\/wp-content\/uploads\/2020\/10\/pig.png\" class=\"attachment- size-\" alt=\"\" srcset=\"https:\/\/magniberia.pt\/wp-content\/uploads\/2020\/10\/pig.png 512w, https:\/\/magniberia.pt\/wp-content\/uploads\/2020\/10\/pig-100x100.png 100w, https:\/\/magniberia.pt\/wp-content\/uploads\/2020\/10\/pig-300x300.png 300w, https:\/\/magniberia.pt\/wp-content\/uploads\/2020\/10\/pig-150x150.png 150w\" sizes=\"(max-width: 512px) 100vw, 512px\" \/>\t\t\t\t\t\t\t\t\t\t\t<\/div>\n\t\t\t\t\t<\/div>\n\n\t\t<div class=\"box-text text-center\" >\n\t\t\t<div class=\"box-text-inner\">\n\t\t\t\t\n\n<h4>TALHO<\/h4>\n\n\t\t\t<\/div>\n\t\t<\/div>\n\t<\/div>\n\t\n\n\t\t<\/div>\n\t\t\t<\/div>\n\n\t\n\n\t<div id=\"col-1689903765\" class=\"col medium-3 small-12 large-3\"  >\n\t\t<div class=\"col-inner\"  >\n\t\t\t\n\t\t\t\n\n\t<div class=\"box has-hover   has-hover box-text-bottom\" >\n\n\t\t<div class=\"box-image\" style=\"width:30%;\">\n\t\t\t\t\t\t<div class=\"\" >\n\t\t\t\t<img width=\"512\" height=\"512\" src=\"https:\/\/magniberia.pt\/wp-content\/uploads\/2020\/10\/fish.png\" class=\"attachment- size-\" alt=\"\" srcset=\"https:\/\/magniberia.pt\/wp-content\/uploads\/2020\/10\/fish.png 512w, https:\/\/magniberia.pt\/wp-content\/uploads\/2020\/10\/fish-100x100.png 100w, https:\/\/magniberia.pt\/wp-content\/uploads\/2020\/10\/fish-300x300.png 300w, https:\/\/magniberia.pt\/wp-content\/uploads\/2020\/10\/fish-150x150.png 150w\" sizes=\"(max-width: 512px) 100vw, 512px\" \/>\t\t\t\t\t\t\t\t\t\t\t<\/div>\n\t\t\t\t\t<\/div>\n\n\t\t<div class=\"box-text text-center\" >\n\t\t\t<div class=\"box-text-inner\">\n\t\t\t\t\n\n<h4>PEIXARIA<\/h4>\n\n\t\t\t<\/div>\n\t\t<\/div>\n\t<\/div>\n\t\n\n\t\t<\/div>\n\t\t\t<\/div>\n\n\t\n\n\t<div id=\"col-165341221\" class=\"col medium-3 small-12 large-3\"  >\n\t\t<div class=\"col-inner\"  >\n\t\t\t\n\t\t\t\n\n\n\t\t<\/div>\n\t\t\t<\/div>\n\n\t\n\n<\/div>\n<div class=\"row align-middle align-center\"  id=\"row-491371585\">\n\n\n\t<div id=\"col-1062352664\" class=\"col medium-4 small-12 large-4\"  >\n\t\t<div class=\"col-inner\"  >\n\t\t\t\n\t\t\t\n\n\n\t\t<\/div>\n\t\t\t<\/div>\n\n\t\n\n\t<div id=\"col-1399947262\" class=\"col medium-4 small-12 large-4\"  >\n\t\t<div class=\"col-inner\"  >\n\t\t\t\n\t\t\t\n\n<a href=\"\/catalogos-online\" target=\"_self\" class=\"button primary is-outline expand\"  style=\"border-radius:99px;\">\n    <span>consultar cat\u00e1logos<\/span>\n  <\/a>\n\n\n\n\t\t<\/div>\n\t\t\t<\/div>\n\n\t\n\n\t<div id=\"col-1029554980\" class=\"col medium-4 small-12 large-4\"  >\n\t\t<div class=\"col-inner\"  >\n\t\t\t\n\t\t\t\n\n\n\t\t<\/div>\n\t\t\t<\/div>\n\n\t\n\n<\/div>\n<div class=\"message-box relative dark\" style=\"padding-top:15px;padding-bottom:15px;\"><div class=\"message-box-bg-image bg-fill fill\" ><\/div><div class=\"message-box-bg-overlay bg-fill fill\" style=\"background-color:rgb(240, 85, 34);\"><\/div><div class=\"container relative\"><div class=\"inner last-reset\">\n\n<div class=\"row align-middle align-center\"  id=\"row-812510239\">\n\n\n\t<div id=\"col-2066248149\" class=\"col medium-8 small-12 large-8\"  >\n\t\t<div class=\"col-inner\"  >\n\t\t\t\n\t\t\t\n\n<p><strong>GOSTARIA DE RECEBER UMA PROPOSTA COMERCIAL?<\/strong><\/p>\n\n\t\t<\/div>\n\t\t\t<\/div>\n\n\t\n\n\t<div id=\"col-619005723\" class=\"col medium-3 small-12 large-3\"  >\n\t\t<div class=\"col-inner text-center\"  >\n\t\t\t\n\t\t\t\n\n<a href=\"\/contactos\/\" target=\"_self\" class=\"button white is-outline is-small\"  style=\"border-radius:99px;\">\n    <span>FALE CONNOSCO<\/span>\n  <\/a>\n\n\n\n\t\t<\/div>\n\t\t\n<style>\n#col-619005723 > .col-inner {\n  padding: 0px 0px 0px 0px;\n}\n<\/style>\n\t<\/div>\n\n\t\n\n<\/div>\n\n<\/div><\/div><\/div>\n\n","protected":false},"excerpt":{"rendered":"","protected":false},"author":1,"featured_media":0,"parent":0,"menu_order":0,"comment_status":"closed","ping_status":"closed","template":"page-blank.php","meta":{"om_disable_all_campaigns":false,"_mi_skip_tracking":false},"acf":[],"aioseo_notices":[],"_links":{"self":[{"href":"https:\/\/magniberia.pt\/es\/wp-json\/wp\/v2\/pages\/8671"}],"collection":[{"href":"https:\/\/magniberia.pt\/es\/wp-json\/wp\/v2\/pages"}],"about":[{"href":"https:\/\/magniberia.pt\/es\/wp-json\/wp\/v2\/types\/page"}],"author":[{"embeddable":true,"href":"https:\/\/magniberia.pt\/es\/wp-json\/wp\/v2\/users\/1"}],"replies":[{"embeddable":true,"href":"https:\/\/magniberia.pt\/es\/wp-json\/wp\/v2\/comments?post=8671"}],"version-history":[{"count":1,"href":"https:\/\/magniberia.pt\/es\/wp-json\/wp\/v2\/pages\/8671\/revisions"}],"predecessor-version":[{"id":8672,"href":"https:\/\/magniberia.pt\/es\/wp-json\/wp\/v2\/pages\/8671\/revisions\/8672"}],"wp:attachment":[{"href":"https:\/\/magniberia.pt\/es\/wp-json\/wp\/v2\/media?parent=8671"}],"curies":[{"name":"wp","href":"https:\/\/api.w.org\/{rel}","templated":true}]}}