{"id":8821,"date":"2023-01-06T10:15:48","date_gmt":"2023-01-06T10:15:48","guid":{"rendered":"https:\/\/magniberia.pt\/contacts\/"},"modified":"2023-05-26T16:03:38","modified_gmt":"2023-05-26T16:03:38","slug":"contacts","status":"publish","type":"page","link":"https:\/\/magniberia.pt\/en\/contacts\/","title":{"rendered":"Contacts"},"content":{"rendered":"\n<div class=\"slider-wrapper relative\" id=\"slider-492871319\" >\n    <div class=\"slider slider-nav-circle slider-nav-large slider-nav-light slider-style-normal\"\n        data-flickity-options='{\n            \"cellAlign\": \"center\",\n            \"imagesLoaded\": true,\n            \"lazyLoad\": 1,\n            \"freeScroll\": false,\n            \"wrapAround\": true,\n            \"autoPlay\": 6000,\n            \"pauseAutoPlayOnHover\" : true,\n            \"prevNextButtons\": false,\n            \"contain\" : true,\n            \"adaptiveHeight\" : true,\n            \"dragThreshold\" : 10,\n            \"percentPosition\": true,\n            \"pageDots\": false,\n            \"rightToLeft\": false,\n            \"draggable\": true,\n            \"selectedAttraction\": 0.1,\n            \"parallax\" : 0,\n            \"friction\": 0.6        }'\n        >\n        \n\n\n  <div class=\"banner has-hover has-parallax\" id=\"banner-817611350\">\n          <div class=\"banner-inner fill\">\n        <div class=\"banner-bg fill\" data-parallax=\"-6\" data-parallax-container=\".banner\" data-parallax-background>\n            <div class=\"bg fill bg-fill \"><\/div>\n                        <div class=\"overlay\"><\/div>            \n                    <\/div>\n        <div class=\"banner-layers container\">\n            <div class=\"fill banner-link\"><\/div>            \n\n   <div id=\"text-box-523554487\" class=\"text-box banner-layer x50 md-x50 lg-x50 y50 md-y50 lg-y50 res-text\">\n                                <div class=\"text dark\">\n              \n              <div class=\"text-inner text-center\">\n                  \n\n\n              <\/div>\n           <\/div>\n                            \n<style>\n#text-box-523554487 {\n  width: 60%;\n}\n#text-box-523554487 .text {\n  font-size: 100%;\n}\n@media (min-width:550px) {\n  #text-box-523554487 {\n    width: 60%;\n  }\n}\n<\/style>\n    <\/div>\n \n\n        <\/div>\n      <\/div>\n\n            \n<style>\n#banner-817611350 {\n  padding-top: 400px;\n}\n#banner-817611350 .bg.bg-loaded {\n  background-image: url(https:\/\/magniberia.pt\/wp-content\/uploads\/2020\/09\/contact-banner.jpg);\n}\n#banner-817611350 .overlay {\n  background-color: rgba(0, 0, 0, 0.4);\n}\n#banner-817611350 .bg {\n  background-position: 0% 49%;\n}\n<\/style>\n  <\/div>\n\n\n\n     <\/div>\n\n     <div class=\"loading-spin dark large centered\"><\/div>\n\n     <\/div>\n\n\n\t<section class=\"section dark\" id=\"section_2117180130\">\n\t\t<div class=\"bg section-bg fill bg-fill  bg-loaded\" >\n\n\t\t\t\n\t\t\t\n\t\t\t\n\n\t\t<\/div>\n\n\t\t<div class=\"section-content relative\">\n\t\t\t\n\n<div class=\"row row-collapse align-middle\"  id=\"row-870392140\">\n\n\n\t<div id=\"col-264831465\" class=\"col medium-4 small-12 large-4\"  >\n\t\t<div class=\"col-inner\"  >\n\t\t\t\n\t\t\t\n\n<div class=\"container section-title-container\" style=\"margin-top:10px;margin-bottom:10px;\"><h3 class=\"section-title section-title-normal\"><b><\/b><span class=\"section-title-main\" >FALE CONNOSCO<\/span><b><\/b><\/h3><\/div>\n\n\n\t\t<\/div>\n\t\t\n<style>\n#col-264831465 > .col-inner {\n  padding: 0px 0px 0px 15px;\n}\n@media (min-width:550px) {\n  #col-264831465 > .col-inner {\n    padding: 0px 0px 0px 15px;\n  }\n}\n@media (min-width:850px) {\n  #col-264831465 > .col-inner {\n    padding: 0px 0px 0px 0;\n  }\n}\n<\/style>\n\t<\/div>\n\n\t\n\n<\/div>\n\n\t\t<\/div>\n\n\t\t\n<style>\n#section_2117180130 {\n  padding-top: 0px;\n  padding-bottom: 0px;\n  background-color: rgb(0, 0, 0);\n}\n<\/style>\n\t<\/section>\n\t\n<div class=\"row\"  id=\"row-1428765764\">\n\n\n\t<div id=\"col-2100324662\" class=\"col medium-6 small-12 large-6\"  >\n\t\t<div class=\"col-inner text-left\"  >\n\t\t\t\n\t\t\t\n\n<div class=\"row align-equal align-center\"  id=\"row-701014717\">\n\n\n\t<div id=\"col-874905507\" class=\"col small-12 large-12\"  >\n\t\t<div class=\"col-inner\"  >\n\t\t\t\n\t\t\t\n\n<h3>MORADA &#038; CONTACTOS<\/h3>\n<p><strong>MAGNIB\u00c9RIA\u00a0<\/strong><br\/>Rua Almirante C\u00e2ndido dos Reis, 247 <br\/>Loja 3.29 (Tavira Gran-Plaza)<br\/>8800-318\u00a0Tavira, Algarve<\/p>\n<p>Departamento T\u00e9cnico:<br\/><em>Tel.: (+351) 966 918 061<br\/><span style=\"font-size: 85%;\">(Chamada para a Rede M\u00f3vel Nacional)<\/span><br\/><\/em><\/p>\n<p>Departamento Comercial:<br\/><em>Tel.: (+351) 968 820 010<br\/><span style=\"font-size: 85%;\">(Chamada para a Rede M\u00f3vel Nacional)<\/span><br\/><\/em><\/p>\n<p><a href=\"mailto:info@magniberia.pt\"><strong>info@magniberia.pt<\/strong><\/a><\/p>\n<div class=\"social-icons follow-icons\" ><a href=\"https:\/\/www.facebook.com\/Magniberia\/\" target=\"_blank\" data-label=\"Facebook\"  rel=\"noopener noreferrer nofollow\" class=\"icon button circle is-outline facebook tooltip\" title=\"Follow on Facebook\"><i class=\"icon-facebook\" ><\/i><\/a><a href=\"https:\/\/www.linkedin.com\/company\/magniberia\/\" target=\"_blank\" rel=\"noopener noreferrer nofollow\" data-label=\"LinkedIn\" class=\"icon button circle is-outline  linkedin tooltip\" title=\"Follow on LinkedIn\"><i class=\"icon-linkedin\" ><\/i><\/a><\/div>\n\n\n\t\t<\/div>\n\t\t\t<\/div>\n\n\t\n\n<\/div>\n\t<div class=\"img has-hover x md-x lg-x y md-y lg-y\" id=\"image_1274243401\">\n\t\t\t\t\t\t\t\t<div class=\"img-inner dark\" style=\"margin:0px 0px 0px 0px;\">\n\t\t\t<img width=\"900\" height=\"200\" src=\"https:\/\/magniberia.pt\/wp-content\/uploads\/2020\/09\/logo-magniberia-1.png\" class=\"attachment-large size-large\" alt=\"\" srcset=\"https:\/\/magniberia.pt\/wp-content\/uploads\/2020\/09\/logo-magniberia-1.png 900w, https:\/\/magniberia.pt\/wp-content\/uploads\/2020\/09\/logo-magniberia-1-600x133.png 600w, https:\/\/magniberia.pt\/wp-content\/uploads\/2020\/09\/logo-magniberia-1-300x67.png 300w, https:\/\/magniberia.pt\/wp-content\/uploads\/2020\/09\/logo-magniberia-1-768x171.png 768w\" sizes=\"(max-width: 900px) 100vw, 900px\" \/>\t\t\t\t\t\t\n\t\t\t\t\t<\/div>\n\t\t\t\t\t\t\t\t\n<style>\n#image_1274243401 {\n  width: 65%;\n}\n<\/style>\n\t<\/div>\n\t\n\n\n\t\t<\/div>\n\t\t\t<\/div>\n\n\t\n\n\t<div id=\"col-1194220654\" class=\"col medium-6 small-12 large-6\"  >\n\t\t<div class=\"col-inner text-left\"  >\n\t\t\t\n\t\t\t\n\n<h3 style=\"text-align: left;\">EM QUE PODEMOS AJUDAR?<\/h3>\n<p style=\"text-align: left;\">Por favor preencha o formul\u00e1rio abaixo. Prometemos responder no menor espa\u00e7o de tempo poss\u00edvel.<\/p>\n<div role=\"form\" class=\"wpcf7\" id=\"wpcf7-f166-o1\" lang=\"pt-PT\" dir=\"ltr\">\n<div class=\"screen-reader-response\"><p role=\"status\" aria-live=\"polite\" aria-atomic=\"true\"><\/p> <ul><\/ul><\/div>\n<form action=\"\/en\/wp-json\/wp\/v2\/pages\/8821#wpcf7-f166-o1\" method=\"post\" class=\"wpcf7-form init wpcf7-acceptance-as-validation\" novalidate=\"novalidate\" data-status=\"init\">\n<div style=\"display: none;\">\n<input type=\"hidden\" name=\"_wpcf7\" value=\"166\" \/>\n<input type=\"hidden\" name=\"_wpcf7_version\" value=\"5.4.2\" \/>\n<input type=\"hidden\" name=\"_wpcf7_locale\" value=\"pt_PT\" \/>\n<input type=\"hidden\" name=\"_wpcf7_unit_tag\" value=\"wpcf7-f166-o1\" \/>\n<input type=\"hidden\" name=\"_wpcf7_container_post\" value=\"0\" \/>\n<input type=\"hidden\" name=\"_wpcf7_posted_data_hash\" value=\"\" \/>\n<input type=\"hidden\" name=\"_wpcf7_recaptcha_response\" value=\"\" \/>\n<\/div>\n<div class=\"form-flat\">\n<span class=\"wpcf7-form-control-wrap your-name\"><input type=\"text\" name=\"your-name\" value=\"\" size=\"40\" class=\"wpcf7-form-control wpcf7-text wpcf7-validates-as-required\" aria-required=\"true\" aria-invalid=\"false\" placeholder=\"O seu nome (obrigat\u00f3rio) \/ Your name (required)\" \/><\/span><\/p>\n<p><span class=\"wpcf7-form-control-wrap your-email\"><input type=\"email\" name=\"your-email\" value=\"\" size=\"40\" class=\"wpcf7-form-control wpcf7-text wpcf7-email wpcf7-validates-as-required wpcf7-validates-as-email\" aria-required=\"true\" aria-invalid=\"false\" placeholder=\"O seu e-mail (obrigat\u00f3rio) \/ Your e-mail (required)\" \/><\/span><\/p>\n<p><span class=\"wpcf7-form-control-wrap your-message\"><textarea name=\"your-message\" cols=\"40\" rows=\"10\" class=\"wpcf7-form-control wpcf7-textarea wpcf7-validates-as-required\" aria-required=\"true\" aria-invalid=\"false\" placeholder=\"A sua mensagem (obrigat\u00f3rio) \/ Your message (required)\"><\/textarea><\/span><\/p>\n<p><span class=\"wpcf7-form-control-wrap acceptance-208\"><span class=\"wpcf7-form-control wpcf7-acceptance\"><span class=\"wpcf7-list-item\"><label><input type=\"checkbox\" name=\"acceptance-208\" value=\"1\" aria-invalid=\"false\" \/><span class=\"wpcf7-list-item-label\">Autorizo \u200b\u200bo uso de meus dados pessoais de acordo com o objetivo descrito na <a href=\"https:\/\/magniberia.pt\/politica-de-privacidade\/\">Pol\u00edtica de Privacidade<\/a><\/i> \/ <i>I authorize the use of my personal data in accordance with the terms of the <a href=\"https:\/\/magniberia.pt\/politica-de-privacidade\/\">Privacy Policy<\/a><\/i>.<\/span><\/label><\/span><\/span><\/span><br \/>\n<input type=\"submit\" value=\"ENVIAR MENSAGEM \/ SEND MESSAGE\" class=\"wpcf7-form-control wpcf7-submit button\" \/>\n<\/div>\n<input type='hidden' class='wpcf7-pum' value='{\"closepopup\":false,\"closedelay\":0,\"openpopup\":false,\"openpopup_id\":0}' \/><div class=\"wpcf7-response-output\" aria-hidden=\"true\"><\/div><\/form><\/div>\n\n\n\t\t<\/div>\n\t\t\t<\/div>\n\n\t\n\n<\/div>\n\n\t<script type=\"text\/javascript\">\n  jQuery( document ).ready(function() {\n    function initialize() {\n        var styles = {\n            'flatsome':  [{\n            \"featureType\": \"administrative\",\n            \"stylers\": [\n              { \"visibility\": \"on\" }\n            ]\n          },\n          {\n            \"featureType\": \"road\",\n            \"stylers\": [\n              { \"visibility\": \"on\" },\n              { \"hue\": \"#e5612c\" }\n            ]\n          },\n          {\n            \"stylers\": [\n\t\t\t  { \"visibility\": \"on\" },\n\t\t\t  { \"hue\": \"#e5612c\" },\n\t\t\t  { \"saturation\": 20 }\n            ]\n          }\n        ]};\n\n        var myLatlng = new google.maps.LatLng(37.1289846, -7.6445579);\n        var myOptions = {\n            zoom: 17,\n            center: myLatlng,\n            mapTypeId: google.maps.MapTypeId.ROADMAP,\n            disableDefaultUI: true,\n            mapTypeId: 'flatsome',\n            draggable: true,\n            zoomControl: false,\n            zoomControlOptions: {\n              position: google.maps.ControlPosition.TOP_LEFT\n            },\n      \t\t\t\/\/ panControl: false,\n            \/\/ panControlOptions: {\n            \/\/   position: google.maps.ControlPosition.TOP_LEFT\n            \/\/ },\n      \t\t\tmapTypeControl: false,\n            mapTypeControlOptions: {\n              position: google.maps.ControlPosition.TOP_LEFT\n            },\n      \t\t\t\/\/ scaleControl: false,\n            \/\/ scaleControlOptions: {\n            \/\/   position: google.maps.ControlPosition.TOP_LEFT\n            \/\/ },\n      \t\t\tstreetViewControl: false,\n            streetViewControlOptions: {\n              position: google.maps.ControlPosition.TOP_LEFT\n            },\n      \t\t\t\/\/ overviewMapControl: false,\n            \/\/ overviewMapControlOptions: {\n            \/\/   position: google.maps.ControlPosition.TOP_LEFT\n            \/\/ },\n            scrollwheel: false,\n            disableDoubleClickZoom: true\n        }\n        var map = new google.maps.Map(document.getElementById(\"map-1346787686-inner\"), myOptions);\n        var styledMapType = new google.maps.StyledMapType(styles['flatsome'], {name: 'flatsome'});\n        map.mapTypes.set('flatsome', styledMapType);\n\n        var marker = new google.maps.Marker({\n            position: myLatlng,\n            map: map,\n            title:\"\"\n        });\n    }\n\n    \/\/ Required to proceed\n    if (!(typeof google === 'object' && typeof google.maps === 'object')) {\n      return\n    }\n\n    google.maps.event.addDomListener(window, 'load', initialize);\n    google.maps.event.addDomListener(window, 'resize', initialize);\n    });\n    <\/script>\n\n    <div class=\"google-map relative mb\" id=\"map-1346787686\">\n        <div class=\"map-height\" id=\"map-1346787686-inner\"><\/div>\n        <div id=\"map_overlay_top\"><\/div>\n        <div id=\"map_overlay_bottom\"><\/div>\n         \n       \n<style>\n#map-1346787686 .map-inner {\n  background-color: #fff;\n  max-width: 100%;\n}\n#map-1346787686 .map-height {\n  height: 400px;\n}\n@media (min-width:550px) {\n  #map-1346787686 .map-inner {\n    max-width: 40%;\n  }\n}\n@media (min-width:850px) {\n  #map-1346787686 .map-inner {\n    max-width: 30%;\n  }\n}\n<\/style>\n    <\/div>\n\n\t\n\n","protected":false},"excerpt":{"rendered":"","protected":false},"author":1,"featured_media":0,"parent":0,"menu_order":0,"comment_status":"closed","ping_status":"closed","template":"page-blank.php","meta":{"om_disable_all_campaigns":false,"_mi_skip_tracking":false},"acf":[],"aioseo_notices":[],"_links":{"self":[{"href":"https:\/\/magniberia.pt\/en\/wp-json\/wp\/v2\/pages\/8821"}],"collection":[{"href":"https:\/\/magniberia.pt\/en\/wp-json\/wp\/v2\/pages"}],"about":[{"href":"https:\/\/magniberia.pt\/en\/wp-json\/wp\/v2\/types\/page"}],"author":[{"embeddable":true,"href":"https:\/\/magniberia.pt\/en\/wp-json\/wp\/v2\/users\/1"}],"replies":[{"embeddable":true,"href":"https:\/\/magniberia.pt\/en\/wp-json\/wp\/v2\/comments?post=8821"}],"version-history":[{"count":10,"href":"https:\/\/magniberia.pt\/en\/wp-json\/wp\/v2\/pages\/8821\/revisions"}],"predecessor-version":[{"id":8876,"href":"https:\/\/magniberia.pt\/en\/wp-json\/wp\/v2\/pages\/8821\/revisions\/8876"}],"wp:attachment":[{"href":"https:\/\/magniberia.pt\/en\/wp-json\/wp\/v2\/media?parent=8821"}],"curies":[{"name":"wp","href":"https:\/\/api.w.org\/{rel}","templated":true}]}}