{"id":8667,"date":"2022-07-15T10:05:06","date_gmt":"2022-07-15T10:05:06","guid":{"rendered":"https:\/\/magniberia.pt\/catalogos-online\/"},"modified":"2022-07-15T10:05:57","modified_gmt":"2022-07-15T10:05:57","slug":"catalogos-online","status":"publish","type":"page","link":"https:\/\/magniberia.pt\/en\/catalogos-online\/","title":{"rendered":"Cat\u00e1logos Online"},"content":{"rendered":"\n<div class=\"row\"  id=\"row-1259685301\">\n\n\n\t<div id=\"col-2010588435\" class=\"col small-12 large-12\"  >\n\t\t<div class=\"col-inner\"  >\n\t\t\t\n\t\t\t\n\n\t<div id=\"gap-1848024631\" class=\"gap-element clearfix\" style=\"display:block; height:auto;\">\n\t\t\n<style>\n#gap-1848024631 {\n  padding-top: 30px;\n}\n<\/style>\n\t<\/div>\n\t\r\n\r\n<h3>CAT\u00c1LOGOS<\/h3>\r\n<p>Consulte os cat\u00e1logos dos produtos que temos dispon\u00edveis para si. Escolhemos as melhores marcas do mercado para oferecer-lhe os melhores produtos. Caso n\u00e3o encontre o produto ou cat\u00e1logo desejado entre em contacto connosco.<\/p>\r\n<div id='UseyourDrive' class='light  files ' style='display:none'><noscript><div class='UseyourDrive-nojsmessage'>To view this content, you need to have JavaScript enabled in your browser.<br\/><a href='http:\/\/www.enable-javascript.com\/' target='_blank'>To do so, please follow these instructions<\/a>.<\/div><\/noscript><div id='UseyourDrive-5df5c3765b783a147dd7eb41fa27597b' class='UseyourDrive files jsdisabled' data-list='files' data-token='5df5c3765b783a147dd7eb41fa27597b' data-account-id='106564117647410596548' data-id='' data-path='bnVsbA==' data-source='ae4f0228918a0830f65eb8f3b83b8023' data-sort='name:asc' data-org-id='' data-org-path='bnVsbA==' data-layout='grid' data-popout='0' data-lightboxnav='1' data-query='' data-action='0'><div class=\"list-container\" style=\"width:100%;max-width:100%;\">\r\n        <div class=\"nav-header\">            <a class=\"nav-home\" title=\"Back to our first folder\">\r\n              <i class=\"fas fa-home\"><\/i>\r\n            <\/a>\r\n            <div class=\"nav-title\">Loading...<\/div>\r\n                            <a class=\"nav-search\">\r\n                  <i class=\"fas fa-search\"><\/i>\r\n                <\/a>\r\n\r\n                  <div class=\"tippy-content-holder search-div\">\r\n                  <div class=\"search-remove\"><i class=\"fas fa-times-circle fa-lg\"><\/i><\/div>\r\n                  <input name=\"q\" type=\"text\" size=\"40\" aria-label=\"Search\" placeholder=\"Search filenames\" class=\"search-input\" \/>\r\n                  <\/div>\r\n            \r\n                        <a class=\"nav-sort\" title=\"Sort options\">\r\n              <i class=\"fas fa-sort-amount-up\"><\/i>\r\n            <\/a>\r\n            <div class=\"tippy-content-holder\">\r\n              <ul class='nav-sorting-list'>\r\n                <li><a class=\"nav-sorting-field nav-name sort-selected\" data-field=\"name\" title=\"Name\">\r\n                    Name                  <\/a>\r\n                <\/li>\r\n                <li><a class=\"nav-sorting-field nav-size \" data-field=\"size\" title=\"Size\">\r\n                    Size                  <\/a>\r\n                <\/li>\r\n                <li><a class=\"nav-sorting-field nav-modified \" data-field=\"modified\" title=\"Modified\">\r\n                   Modified                  <\/a>\r\n                <\/li>\r\n                <li><a class=\"nav-sorting-field nav-created \" data-field=\"created\" title=\"Date of creation\">\r\n                   Date of creation                  <\/a>\r\n                <\/li>                 \r\n                <li class=\"list-separator\">&nbsp;<\/li>\r\n                <li><a class=\"nav-sorting-order nav-asc sort-selected\" data-order=\"asc\" title=\"Ascending\">\r\n                   Ascending                  <\/a>\r\n                <\/li>\r\n                <li><a class=\"nav-sorting-order nav-desc \" data-order=\"desc\" title=\"Descending\">\r\n                   Descending                  <\/a>\r\n                <\/li>\r\n              <\/ul>\r\n            <\/div>\r\n            \r\n            <a class=\"nav-gear\" title=\"More actions\">\r\n              <i class=\"fas fa-ellipsis-v\"><\/i>\r\n            <\/a>\r\n            <div class=\"tippy-content-holder\" data-token=\"5df5c3765b783a147dd7eb41fa27597b\">\r\n              <ul data-id=\"5df5c3765b783a147dd7eb41fa27597b\">\r\n         \r\n                                <li style=\"display: none\"><a class=\"nav-layout nav-layout-grid\" title=\"Thumbnails view\">\r\n                    <i class=\"fas fa-th-large\"><\/i>Thumbnails view                  <\/a>\r\n                <\/li>\r\n                <li><a class=\"nav-layout nav-layout-list\" title=\"List view\">\r\n                    <i class=\"fas fa-th-list\"><\/i>List view                  <\/a>\r\n                <\/li> \r\n                <li class='gear-menu-no-options' style=\"display: none\"><a><i class='fas fa-info-circle'><\/i>No options...<\/a><\/li>\r\n              <\/ul>\r\n            <\/div>            <a class=\"nav-refresh\" title=\"Refresh\">\r\n              <i class=\"fas fa-sync\"><\/i>\r\n            <\/a>\r\n            <\/div>\r\n    <div class=\"file-container\">\r\n    <div class=\"loading initialize\">              <svg class=\"loader-spinner\" viewBox=\"25 25 50 50\">\r\n              <circle class=\"path\" cx=\"50\" cy=\"50\" r=\"20\" fill=\"none\" stroke-width=\"3\" stroke-miterlimit=\"10\"><\/circle>\r\n              <\/svg>\r\n              <\/div>\r\n    <div class=\"ajax-filelist\" style=\"\">\r\n      <div class='files'>\r\n        <div class=\"folders-container\">        <div class=\"entry folder skeleton-entry\">\r\n          <div class=\"entry_block\">\r\n                        <div class=\"entry-info\">\r\n              <div class=\"entry-info-icon skeleton skeleton-icon\"><\/div>\r\n              <div class=\"entry-info-name\"><span class=\"skeleton skeleton-text\"><\/span><\/div>\r\n                          <\/div>\r\n          <\/div>\r\n        <\/div>\r\n                <div class=\"entry folder skeleton-entry\">\r\n          <div class=\"entry_block\">\r\n                        <div class=\"entry-info\">\r\n              <div class=\"entry-info-icon skeleton skeleton-icon\"><\/div>\r\n              <div class=\"entry-info-name\"><span class=\"skeleton skeleton-text\"><\/span><\/div>\r\n                          <\/div>\r\n          <\/div>\r\n        <\/div>\r\n                <div class=\"entry folder skeleton-entry\">\r\n          <div class=\"entry_block\">\r\n                        <div class=\"entry-info\">\r\n              <div class=\"entry-info-icon skeleton skeleton-icon\"><\/div>\r\n              <div class=\"entry-info-name\"><span class=\"skeleton skeleton-text\"><\/span><\/div>\r\n                          <\/div>\r\n          <\/div>\r\n        <\/div>\r\n        <\/div>\r\n        <div class=\"files-container\">        <div class=\"entry file skeleton-entry\">\r\n          <div class=\"entry_block\">\r\n             <div class=\"entry_thumbnail skeleton skeleton-img\"><\/div>            <div class=\"entry-info\">\r\n              <div class=\"entry-info-icon skeleton skeleton-icon\"><\/div>\r\n              <div class=\"entry-info-name\"><span class=\"skeleton skeleton-text\"><\/span><\/div>\r\n                            <div class=\"entry-info-modified-date skeleton skeleton-text-small\"><\/div>\r\n              <div class=\"entry-info-size skeleton skeleton-text-small\"><\/div>\r\n                          <\/div>\r\n          <\/div>\r\n        <\/div>\r\n                <div class=\"entry file skeleton-entry\">\r\n          <div class=\"entry_block\">\r\n             <div class=\"entry_thumbnail skeleton skeleton-img\"><\/div>            <div class=\"entry-info\">\r\n              <div class=\"entry-info-icon skeleton skeleton-icon\"><\/div>\r\n              <div class=\"entry-info-name\"><span class=\"skeleton skeleton-text\"><\/span><\/div>\r\n                            <div class=\"entry-info-modified-date skeleton skeleton-text-small\"><\/div>\r\n              <div class=\"entry-info-size skeleton skeleton-text-small\"><\/div>\r\n                          <\/div>\r\n          <\/div>\r\n        <\/div>\r\n                <div class=\"entry file skeleton-entry\">\r\n          <div class=\"entry_block\">\r\n             <div class=\"entry_thumbnail skeleton skeleton-img\"><\/div>            <div class=\"entry-info\">\r\n              <div class=\"entry-info-icon skeleton skeleton-icon\"><\/div>\r\n              <div class=\"entry-info-name\"><span class=\"skeleton skeleton-text\"><\/span><\/div>\r\n                            <div class=\"entry-info-modified-date skeleton skeleton-text-small\"><\/div>\r\n              <div class=\"entry-info-size skeleton skeleton-text-small\"><\/div>\r\n                          <\/div>\r\n          <\/div>\r\n        <\/div>\r\n                <div class=\"entry file skeleton-entry\">\r\n          <div class=\"entry_block\">\r\n             <div class=\"entry_thumbnail skeleton skeleton-img\"><\/div>            <div class=\"entry-info\">\r\n              <div class=\"entry-info-icon skeleton skeleton-icon\"><\/div>\r\n              <div class=\"entry-info-name\"><span class=\"skeleton skeleton-text\"><\/span><\/div>\r\n                            <div class=\"entry-info-modified-date skeleton skeleton-text-small\"><\/div>\r\n              <div class=\"entry-info-size skeleton skeleton-text-small\"><\/div>\r\n                          <\/div>\r\n          <\/div>\r\n        <\/div>\r\n                <div class=\"entry file skeleton-entry\">\r\n          <div class=\"entry_block\">\r\n             <div class=\"entry_thumbnail skeleton skeleton-img\"><\/div>            <div class=\"entry-info\">\r\n              <div class=\"entry-info-icon skeleton skeleton-icon\"><\/div>\r\n              <div class=\"entry-info-name\"><span class=\"skeleton skeleton-text\"><\/span><\/div>\r\n                            <div class=\"entry-info-modified-date skeleton skeleton-text-small\"><\/div>\r\n              <div class=\"entry-info-size skeleton skeleton-text-small\"><\/div>\r\n                          <\/div>\r\n          <\/div>\r\n        <\/div>\r\n        <\/div>\r\n      <\/div>\r\n    <\/div>\r\n    <div class=\"scroll-to-top\"><a><i class=\"fas fa-chevron-circle-up fa-2x\"><\/i><\/a><\/div>\r\n  <\/div>\r\n<\/div>\r\n\r\n<\/div><script type='text\/javascript'>if (typeof(jQuery) !== 'undefined' && typeof(jQuery.cp) !== 'undefined' && typeof(jQuery.cp.UseyourDrive) === 'function') { jQuery('#UseyourDrive-5df5c3765b783a147dd7eb41fa27597b').UseyourDrive(UseyourDrive_vars); };<\/script><\/div>\n\n\t\t<\/div>\n\t\t\t<\/div>\n\n\t\n\n<\/div>\n\t<div id=\"gap-1231163219\" class=\"gap-element clearfix\" style=\"display:block; height:auto;\">\n\t\t\n<style>\n#gap-1231163219 {\n  padding-top: 100px;\n}\n<\/style>\n\t<\/div>\n\t\n","protected":false},"excerpt":{"rendered":"","protected":false},"author":1,"featured_media":0,"parent":0,"menu_order":0,"comment_status":"closed","ping_status":"closed","template":"page-blank.php","meta":{"om_disable_all_campaigns":false,"_mi_skip_tracking":false},"acf":[],"aioseo_notices":[],"_links":{"self":[{"href":"https:\/\/magniberia.pt\/en\/wp-json\/wp\/v2\/pages\/8667"}],"collection":[{"href":"https:\/\/magniberia.pt\/en\/wp-json\/wp\/v2\/pages"}],"about":[{"href":"https:\/\/magniberia.pt\/en\/wp-json\/wp\/v2\/types\/page"}],"author":[{"embeddable":true,"href":"https:\/\/magniberia.pt\/en\/wp-json\/wp\/v2\/users\/1"}],"replies":[{"embeddable":true,"href":"https:\/\/magniberia.pt\/en\/wp-json\/wp\/v2\/comments?post=8667"}],"version-history":[{"count":3,"href":"https:\/\/magniberia.pt\/en\/wp-json\/wp\/v2\/pages\/8667\/revisions"}],"predecessor-version":[{"id":8670,"href":"https:\/\/magniberia.pt\/en\/wp-json\/wp\/v2\/pages\/8667\/revisions\/8670"}],"wp:attachment":[{"href":"https:\/\/magniberia.pt\/en\/wp-json\/wp\/v2\/media?parent=8667"}],"curies":[{"name":"wp","href":"https:\/\/api.w.org\/{rel}","templated":true}]}}